{"id":989985,"date":"2022-11-03T15:19:32","date_gmt":"2022-11-03T15:19:32","guid":{"rendered":"https:\/\/chersparents.be\/?page_id=989985"},"modified":"2022-11-03T16:23:54","modified_gmt":"2022-11-03T16:23:54","slug":"sciences","status":"publish","type":"page","link":"https:\/\/chersparents.be\/index.php\/les-objectifs-des-referentiels-de-competences\/sciences\/","title":{"rendered":"Sciences"},"content":{"rendered":"\t\t<div data-elementor-type=\"wp-page\" data-elementor-id=\"989985\" class=\"elementor elementor-989985\" data-elementor-post-type=\"page\">\n\t\t\t\t\t\t<section class=\"elementor-section elementor-top-section elementor-element elementor-element-57378a79 elementor-section-boxed elementor-section-height-default elementor-section-height-default\" data-id=\"57378a79\" data-element_type=\"section\" data-settings=\"{&quot;background_motion_fx_scale_effect&quot;:&quot;yes&quot;,&quot;background_motion_fx_scale_direction&quot;:&quot;in-out&quot;,&quot;background_motion_fx_scale_range&quot;:{&quot;unit&quot;:&quot;%&quot;,&quot;size&quot;:&quot;&quot;,&quot;sizes&quot;:{&quot;start&quot;:0,&quot;end&quot;:41}},&quot;background_motion_fx_scale_speed&quot;:{&quot;unit&quot;:&quot;px&quot;,&quot;size&quot;:4,&quot;sizes&quot;:[]},&quot;background_motion_fx_devices&quot;:[&quot;desktop&quot;,&quot;tablet&quot;,&quot;mobile&quot;]}\">\n\t\t\t\t\t\t<div class=\"elementor-container elementor-column-gap-default\">\n\t\t\t\t\t<div class=\"elementor-column elementor-col-100 elementor-top-column elementor-element elementor-element-7ed76a5a\" data-id=\"7ed76a5a\" data-element_type=\"column\">\n\t\t\t<div class=\"elementor-widget-wrap elementor-element-populated\">\n\t\t\t\t\t\t<div class=\"elementor-element elementor-element-7306e233 elementor-widget elementor-widget-text-editor\" data-id=\"7306e233\" data-element_type=\"widget\" data-widget_type=\"text-editor.default\">\n\t\t\t\t<div class=\"elementor-widget-container\">\n\t\t\t\t\t\t\t\t\t<p><img fetchpriority=\"high\" decoding=\"async\" class=\"alignright wp-image-990009\" src=\"https:\/\/chersparents.be\/wp-content\/uploads\/2022\/11\/greg-rakozy-oMpAz-DN-9I-unsplash-300x200.jpg\" alt=\"\" width=\"380\" height=\"253\" srcset=\"https:\/\/chersparents.be\/wp-content\/uploads\/2022\/11\/greg-rakozy-oMpAz-DN-9I-unsplash-300x200.jpg 300w, https:\/\/chersparents.be\/wp-content\/uploads\/2022\/11\/greg-rakozy-oMpAz-DN-9I-unsplash-1024x683.jpg 1024w, https:\/\/chersparents.be\/wp-content\/uploads\/2022\/11\/greg-rakozy-oMpAz-DN-9I-unsplash-768x512.jpg 768w, https:\/\/chersparents.be\/wp-content\/uploads\/2022\/11\/greg-rakozy-oMpAz-DN-9I-unsplash-1536x1024.jpg 1536w, https:\/\/chersparents.be\/wp-content\/uploads\/2022\/11\/greg-rakozy-oMpAz-DN-9I-unsplash-2048x1365.jpg 2048w\" sizes=\"(max-width: 380px) 100vw, 380px\" \/>Les sciences \u00e9tudient l\u2019<strong>organisation du monde naturel et les ph\u00e9nom\u00e8nes qui s\u2019y d\u00e9roulent<\/strong>.<\/p><p>Les sciences sont au c\u0153ur de la soci\u00e9t\u00e9, notamment via leurs applications et au travers des grands enjeux de ce si\u00e8cle (sant\u00e9, environnement, climat, technologie\u2026). Le monde actuel se caract\u00e9rise par des progr\u00e8s scientifiques in\u00e9dits. De ce fait, l\u2019\u00e9tude de concepts scientifiques et de l\u2019activit\u00e9 scientifique est une des cl\u00e9s pour comprendre les questions de soci\u00e9t\u00e9 qui se posent au citoyen.<\/p><p>L\u2019enseignement des sciences s\u2019impose d\u00e8s l\u2019\u00e9cole maternelle. Celui-ci permet aux \u00e9l\u00e8ves d\u2019acqu\u00e9rir des connaissances sp\u00e9cifiques, de d\u00e9velopper une pens\u00e9e scientifique, un raisonnement critique et une maitrise progressive du langage propre aux sciences. <strong>Cet apprentissage donne aux \u00e9l\u00e8ves, futurs citoyens engag\u00e9s, des outils pour relever de nombreux d\u00e9fis soci\u00e9taux, \u00e9conomiques, environnementaux et de sant\u00e9.<\/strong><\/p>\t\t\t\t\t\t\t\t<\/div>\n\t\t\t\t<\/div>\n\t\t\t\t<div class=\"elementor-element elementor-element-365c7fc4 elementor-widget elementor-widget-heading\" data-id=\"365c7fc4\" data-element_type=\"widget\" data-widget_type=\"heading.default\">\n\t\t\t\t<div class=\"elementor-widget-container\">\n\t\t\t\t\t<h3 class=\"elementor-heading-title elementor-size-xl\">Les vis\u00e9es<\/h3>\t\t\t\t<\/div>\n\t\t\t\t<\/div>\n\t\t\t\t<div class=\"elementor-element elementor-element-752f9df9 elementor-widget elementor-widget-text-editor\" data-id=\"752f9df9\" data-element_type=\"widget\" data-widget_type=\"text-editor.default\">\n\t\t\t\t<div class=\"elementor-widget-container\">\n\t\t\t\t\t\t\t\t\t<p>Les enjeux de l\u2019enseignement des sciences se concr\u00e9tisent \u00e0 travers quatre vis\u00e9es en lien les unes avec les autres\u00a0:<\/p><ol><li>Pratiquer des sciences : les \u00e9l\u00e8ves acqui\u00e8rent des savoir-faire et des attitudes n\u00e9cessaires \u00e0 la pratique des sciences ainsi que des connaissances scientifiques.<\/li><li>Apprendre les sciences : les \u00e9l\u00e8ves d\u00e9veloppent des connaissances et des savoir-faire sp\u00e9cifiques aux sciences pour comprendre le monde.<\/li><li>Apprendre \u00e0 propos des sciences : les \u00e9l\u00e8ves comprennent la construction des connaissances scientifiques au cours du temps et les caract\u00e9ristiques de la pens\u00e9e scientifique.<\/li><li>Orienter ses choix et agir en s\u2019appuyant sur les sciences\u00a0: les \u00e9l\u00e8ves se positionnent face \u00e0 des enjeux soci\u00e9taux (li\u00e9s \u00e0 l\u2019environnement, \u00e0 la sant\u00e9, \u00e0 la consommation\u2026) et plan\u00e9taires, en s\u2019appuyant sur des m\u00e9thodes, des mod\u00e8les et des concepts scientifiques.<\/li><\/ol>\t\t\t\t\t\t\t\t<\/div>\n\t\t\t\t<\/div>\n\t\t\t\t<div class=\"elementor-element elementor-element-09b92bb elementor-widget elementor-widget-spacer\" data-id=\"09b92bb\" data-element_type=\"widget\" data-widget_type=\"spacer.default\">\n\t\t\t\t<div class=\"elementor-widget-container\">\n\t\t\t\t\t\t\t<div class=\"elementor-spacer\">\n\t\t\t<div class=\"elementor-spacer-inner\"><\/div>\n\t\t<\/div>\n\t\t\t\t\t\t<\/div>\n\t\t\t\t<\/div>\n\t\t\t\t<div class=\"elementor-element elementor-element-7b5fc0f6 elementor-widget elementor-widget-heading\" data-id=\"7b5fc0f6\" data-element_type=\"widget\" data-widget_type=\"heading.default\">\n\t\t\t\t<div class=\"elementor-widget-container\">\n\t\t\t\t\t<h3 class=\"elementor-heading-title elementor-size-default\">Vis\u00e9e 1 \u2013 Pratiquer des sciences<\/h3>\t\t\t\t<\/div>\n\t\t\t\t<\/div>\n\t\t\t\t<div class=\"elementor-element elementor-element-5aff3275 elementor-widget elementor-widget-text-editor\" data-id=\"5aff3275\" data-element_type=\"widget\" data-widget_type=\"text-editor.default\">\n\t\t\t\t<div class=\"elementor-widget-container\">\n\t\t\t\t\t\t\t\t\t<p>Cette vis\u00e9e consiste \u00e0 <strong>apprendre \u00e0 effectuer une d\u00e9marche scientifique<\/strong> notamment via l\u2019investigation\u00a0: les \u00e9l\u00e8ves explorent une question scientifique relative au monde qui les entoure.<\/p><p><img decoding=\"async\" class=\"alignnone wp-image-990002\" src=\"https:\/\/chersparents.be\/wp-content\/uploads\/2022\/11\/Sans-titre-300x174.jpg\" alt=\"\" width=\"600\" height=\"348\" srcset=\"https:\/\/chersparents.be\/wp-content\/uploads\/2022\/11\/Sans-titre-300x174.jpg 300w, https:\/\/chersparents.be\/wp-content\/uploads\/2022\/11\/Sans-titre-768x445.jpg 768w, https:\/\/chersparents.be\/wp-content\/uploads\/2022\/11\/Sans-titre.jpg 908w\" sizes=\"(max-width: 600px) 100vw, 600px\" \/><\/p><p>\u00c0 l\u2019aide de leurs connaissances de base, ils tentent de proposer une explication, de formuler une hypoth\u00e8se et proposent des pistes d\u2019investigation. Durant ces investigations, des allers-retours entre les tentatives d\u2019explications (hypoth\u00e8ses) et les informations recueillies (faits, donn\u00e9es, r\u00e9sultats\u2026) am\u00e8nent les \u00e9l\u00e8ves \u00e0 d\u00e9battre et \u00e0 adapter les explications donn\u00e9es. L\u2019investigation fait donc appel \u00e0 l\u2019imagination, \u00e0 une forme de repr\u00e9sentation du monde (partie gauche du sch\u00e9ma) et \u00e0 la confrontation rigoureuse et m\u00e9thodique au r\u00e9el (partie droite du sch\u00e9ma).<\/p>\t\t\t\t\t\t\t\t<\/div>\n\t\t\t\t<\/div>\n\t\t\t\t<div class=\"elementor-element elementor-element-ff9c148 elementor-widget elementor-widget-spacer\" data-id=\"ff9c148\" data-element_type=\"widget\" data-widget_type=\"spacer.default\">\n\t\t\t\t<div class=\"elementor-widget-container\">\n\t\t\t\t\t\t\t<div class=\"elementor-spacer\">\n\t\t\t<div class=\"elementor-spacer-inner\"><\/div>\n\t\t<\/div>\n\t\t\t\t\t\t<\/div>\n\t\t\t\t<\/div>\n\t\t\t\t<div class=\"elementor-element elementor-element-4b0f6368 elementor-widget elementor-widget-heading\" data-id=\"4b0f6368\" data-element_type=\"widget\" data-widget_type=\"heading.default\">\n\t\t\t\t<div class=\"elementor-widget-container\">\n\t\t\t\t\t<h3 class=\"elementor-heading-title elementor-size-default\">Vis\u00e9e 2 \u2013 Apprendre les sciences<\/h3>\t\t\t\t<\/div>\n\t\t\t\t<\/div>\n\t\t\t\t<div class=\"elementor-element elementor-element-4c4fef97 elementor-widget elementor-widget-text-editor\" data-id=\"4c4fef97\" data-element_type=\"widget\" data-widget_type=\"text-editor.default\">\n\t\t\t\t<div class=\"elementor-widget-container\">\n\t\t\t\t\t\t\t\t\t<p>Les \u00e9l\u00e8ves acqui\u00e8rent des savoirs et des savoir-faire sp\u00e9cifiques qui servent de rep\u00e8res pour comprendre et expliquer le monde. En termes de comp\u00e9tences, il s\u2019agit de <strong>d\u00e9crire<\/strong>, d\u2019<strong>expliquer<\/strong>, d\u2019<strong>interpr\u00e9ter un ph\u00e9nom\u00e8ne ou le fonctionnement d\u2019un objet<\/strong>.<\/p><p>Des savoirs et des savoir-faire en biologie, en chimie et en physique s\u2019installent via trois champs : les vivants, la mati\u00e8re et l\u2019\u00e9nergie.<\/p>\t\t\t\t\t\t\t\t<\/div>\n\t\t\t\t<\/div>\n\t\t\t\t<div class=\"elementor-element elementor-element-200aeec elementor-widget elementor-widget-spacer\" data-id=\"200aeec\" data-element_type=\"widget\" data-widget_type=\"spacer.default\">\n\t\t\t\t<div class=\"elementor-widget-container\">\n\t\t\t\t\t\t\t<div class=\"elementor-spacer\">\n\t\t\t<div class=\"elementor-spacer-inner\"><\/div>\n\t\t<\/div>\n\t\t\t\t\t\t<\/div>\n\t\t\t\t<\/div>\n\t\t\t\t<div class=\"elementor-element elementor-element-2adcec75 elementor-widget elementor-widget-heading\" data-id=\"2adcec75\" data-element_type=\"widget\" data-widget_type=\"heading.default\">\n\t\t\t\t<div class=\"elementor-widget-container\">\n\t\t\t\t\t<h3 class=\"elementor-heading-title elementor-size-default\">Vis\u00e9e 3 \u2013 Apprendre \u00e0 propos des sciences<\/h3>\t\t\t\t<\/div>\n\t\t\t\t<\/div>\n\t\t\t\t<div class=\"elementor-element elementor-element-a928f6a elementor-widget elementor-widget-text-editor\" data-id=\"a928f6a\" data-element_type=\"widget\" data-widget_type=\"text-editor.default\">\n\t\t\t\t<div class=\"elementor-widget-container\">\n\t\t\t\t\t\t\t\t\t<p><br \/>Les \u00e9l\u00e8ves d\u00e9couvrent comment les savoirs scientifiques se construisent au cours du temps ; quelles sont les caract\u00e9ristiques de la pens\u00e9e scientifique ainsi que les relations entre les sciences et la soci\u00e9t\u00e9. Il s\u2019agit de <strong>comprendre la mani\u00e8re dont les scientifiques travaillent et raisonnent<\/strong>.<\/p>\t\t\t\t\t\t\t\t<\/div>\n\t\t\t\t<\/div>\n\t\t\t\t<div class=\"elementor-element elementor-element-371281a elementor-widget elementor-widget-spacer\" data-id=\"371281a\" data-element_type=\"widget\" data-widget_type=\"spacer.default\">\n\t\t\t\t<div class=\"elementor-widget-container\">\n\t\t\t\t\t\t\t<div class=\"elementor-spacer\">\n\t\t\t<div class=\"elementor-spacer-inner\"><\/div>\n\t\t<\/div>\n\t\t\t\t\t\t<\/div>\n\t\t\t\t<\/div>\n\t\t\t\t<div class=\"elementor-element elementor-element-8008f61 elementor-widget elementor-widget-heading\" data-id=\"8008f61\" data-element_type=\"widget\" data-widget_type=\"heading.default\">\n\t\t\t\t<div class=\"elementor-widget-container\">\n\t\t\t\t\t<h3 class=\"elementor-heading-title elementor-size-default\">Vis\u00e9e 4 \u2013 Orienter ses choix et agir en s'appuyant sur  les sciences<\/h3>\t\t\t\t<\/div>\n\t\t\t\t<\/div>\n\t\t\t\t<div class=\"elementor-element elementor-element-5bedeb49 elementor-widget elementor-widget-text-editor\" data-id=\"5bedeb49\" data-element_type=\"widget\" data-widget_type=\"text-editor.default\">\n\t\t\t\t<div class=\"elementor-widget-container\">\n\t\t\t\t\t\t\t\t\t<p>Les \u00e9l\u00e8ves apprennent \u00e0 <strong>se positionner face \u00e0 des enjeux soci\u00e9taux<\/strong> (li\u00e9s \u00e0 l\u2019environnement, \u00e0 la sant\u00e9, \u00e0 la consommation\u2026) et plan\u00e9taires, en s\u2019appuyant sur des m\u00e9thodes, des mod\u00e8les et des concepts scientifiques et agissent en cons\u00e9quence.<\/p><p>\u00a0<\/p><p><img decoding=\"async\" class=\"alignleft wp-image-990012\" src=\"https:\/\/chersparents.be\/wp-content\/uploads\/2022\/11\/alan-rodriguez-USiA1Hcizk8-unsplash-300x200.jpg\" alt=\"\" width=\"280\" height=\"187\" srcset=\"https:\/\/chersparents.be\/wp-content\/uploads\/2022\/11\/alan-rodriguez-USiA1Hcizk8-unsplash-300x200.jpg 300w, https:\/\/chersparents.be\/wp-content\/uploads\/2022\/11\/alan-rodriguez-USiA1Hcizk8-unsplash-1024x683.jpg 1024w, https:\/\/chersparents.be\/wp-content\/uploads\/2022\/11\/alan-rodriguez-USiA1Hcizk8-unsplash-768x512.jpg 768w, https:\/\/chersparents.be\/wp-content\/uploads\/2022\/11\/alan-rodriguez-USiA1Hcizk8-unsplash-1536x1024.jpg 1536w, https:\/\/chersparents.be\/wp-content\/uploads\/2022\/11\/alan-rodriguez-USiA1Hcizk8-unsplash-2048x1365.jpg 2048w\" sizes=\"(max-width: 280px) 100vw, 280px\" \/>Via les sciences, les \u00e9l\u00e8ves sont amen\u00e9s \u00e0 <strong>se responsabiliser par rapport \u00e0 eux-m\u00eames et \u00e0 la soci\u00e9t\u00e9<\/strong>. C\u2019est le cas notamment au sujet du souci de la sant\u00e9 et de la s\u00e9curit\u00e9, du respect de la vie et de l\u2019environnement et de la possibilit\u00e9 donn\u00e9e \u00e0 chacun d\u2019orienter sa carri\u00e8re professionnelle uniquement en fonction de son propre choix et ce, sans restriction li\u00e9e au genre ou \u00e0 l\u2019origine. Cette r\u00e9flexion au d\u00e9part des sciences contribue \u00e9galement \u00e0 faire prendre conscience aux \u00e9l\u00e8ves que, m\u00eame si une majorit\u00e9 des d\u00e9couvertes scientifiques sont attribu\u00e9es \u00e0 des hommes, la visibilit\u00e9 et la pr\u00e9sence des femmes parmi les figures scientifiques cl\u00e9s dans l\u2019histoire ont fortement progress\u00e9 depuis le milieu du si\u00e8cle pass\u00e9.<\/p>\t\t\t\t\t\t\t\t<\/div>\n\t\t\t\t<\/div>\n\t\t\t\t<div class=\"elementor-element elementor-element-31864d89 elementor-widget elementor-widget-text-editor\" data-id=\"31864d89\" data-element_type=\"widget\" data-widget_type=\"text-editor.default\">\n\t\t\t\t<div class=\"elementor-widget-container\">\n\t\t\t\t\t\t\t\t\t<p>Source :<\/p><p>F\u00e9d\u00e9ration Wallonie-Bruxelles, \u00ab\u00a0R\u00e9f\u00e9rentiel de sciences. Tronc commun\u00a0\u00bb sur <a href=\"http:\/\/www.enseignement.be\/\">www.enseignement.be<\/a>, juin 2022 (date de consultation\u00a0: 31 oct. 2022).<\/p>\t\t\t\t\t\t\t\t<\/div>\n\t\t\t\t<\/div>\n\t\t\t\t\t<\/div>\n\t\t<\/div>\n\t\t\t\t\t<\/div>\n\t\t<\/section>\n\t\t\t\t<\/div>\n\t\t","protected":false},"excerpt":{"rendered":"<p>Les sciences \u00e9tudient l\u2019organisation du monde naturel et les ph\u00e9nom\u00e8nes qui s\u2019y d\u00e9roulent. Les sciences sont au c\u0153ur de la soci\u00e9t\u00e9, notamment via leurs applications et au travers des grands enjeux de ce si\u00e8cle (sant\u00e9, environnement, climat, technologie\u2026). Le monde actuel se caract\u00e9rise par des progr\u00e8s scientifiques in\u00e9dits. De ce fait, l\u2019\u00e9tude de concepts scientifiques&#8230;<\/p>\n","protected":false},"author":4,"featured_media":0,"parent":989353,"menu_order":0,"comment_status":"closed","ping_status":"closed","template":"","meta":{"footnotes":""},"class_list":["post-989985","page","type-page","status-publish","hentry"],"_links":{"self":[{"href":"https:\/\/chersparents.be\/index.php\/wp-json\/wp\/v2\/pages\/989985","targetHints":{"allow":["GET"]}}],"collection":[{"href":"https:\/\/chersparents.be\/index.php\/wp-json\/wp\/v2\/pages"}],"about":[{"href":"https:\/\/chersparents.be\/index.php\/wp-json\/wp\/v2\/types\/page"}],"author":[{"embeddable":true,"href":"https:\/\/chersparents.be\/index.php\/wp-json\/wp\/v2\/users\/4"}],"replies":[{"embeddable":true,"href":"https:\/\/chersparents.be\/index.php\/wp-json\/wp\/v2\/comments?post=989985"}],"version-history":[{"count":16,"href":"https:\/\/chersparents.be\/index.php\/wp-json\/wp\/v2\/pages\/989985\/revisions"}],"predecessor-version":[{"id":990021,"href":"https:\/\/chersparents.be\/index.php\/wp-json\/wp\/v2\/pages\/989985\/revisions\/990021"}],"up":[{"embeddable":true,"href":"https:\/\/chersparents.be\/index.php\/wp-json\/wp\/v2\/pages\/989353"}],"wp:attachment":[{"href":"https:\/\/chersparents.be\/index.php\/wp-json\/wp\/v2\/media?parent=989985"}],"curies":[{"name":"wp","href":"https:\/\/api.w.org\/{rel}","templated":true}]}}