{"id":989981,"date":"2022-11-03T15:18:52","date_gmt":"2022-11-03T15:18:52","guid":{"rendered":"https:\/\/chersparents.be\/?page_id=989981"},"modified":"2022-11-07T11:06:29","modified_gmt":"2022-11-07T11:06:29","slug":"langues-modernes","status":"publish","type":"page","link":"https:\/\/chersparents.be\/index.php\/les-objectifs-des-referentiels-de-competences\/langues-modernes\/","title":{"rendered":"Langues modernes"},"content":{"rendered":"\t\t<div data-elementor-type=\"wp-page\" data-elementor-id=\"989981\" class=\"elementor elementor-989981\" data-elementor-post-type=\"page\">\n\t\t\t\t\t\t<section class=\"elementor-section elementor-top-section elementor-element elementor-element-7a7b0cef elementor-section-boxed elementor-section-height-default elementor-section-height-default\" data-id=\"7a7b0cef\" data-element_type=\"section\" data-settings=\"{&quot;background_motion_fx_scale_effect&quot;:&quot;yes&quot;,&quot;background_motion_fx_scale_direction&quot;:&quot;in-out&quot;,&quot;background_motion_fx_scale_range&quot;:{&quot;unit&quot;:&quot;%&quot;,&quot;size&quot;:&quot;&quot;,&quot;sizes&quot;:{&quot;start&quot;:0,&quot;end&quot;:41}},&quot;background_motion_fx_scale_speed&quot;:{&quot;unit&quot;:&quot;px&quot;,&quot;size&quot;:4,&quot;sizes&quot;:[]},&quot;background_motion_fx_devices&quot;:[&quot;desktop&quot;,&quot;tablet&quot;,&quot;mobile&quot;]}\">\n\t\t\t\t\t\t<div class=\"elementor-container elementor-column-gap-default\">\n\t\t\t\t\t<div class=\"elementor-column elementor-col-100 elementor-top-column elementor-element elementor-element-34bf5de7\" data-id=\"34bf5de7\" data-element_type=\"column\">\n\t\t\t<div class=\"elementor-widget-wrap elementor-element-populated\">\n\t\t\t\t\t\t<div class=\"elementor-element elementor-element-4ea5e572 elementor-widget elementor-widget-text-editor\" data-id=\"4ea5e572\" data-element_type=\"widget\" data-widget_type=\"text-editor.default\">\n\t\t\t\t<div class=\"elementor-widget-container\">\n\t\t\t\t\t\t\t\t\t<p>Le cours de langues modernes a deux objectifs principaux\u00a0:<\/p><ul><li>la prise de conscience de sa propre culture et de sa situation par rapport \u00e0 celles des autres\u00a0;<\/li><li>les langues modernes comme outil d\u2019int\u00e9gration europ\u00e9enne et mondiale.<\/li><\/ul>\t\t\t\t\t\t\t\t<\/div>\n\t\t\t\t<\/div>\n\t\t\t\t<div class=\"elementor-element elementor-element-37b13d5 elementor-widget elementor-widget-heading\" data-id=\"37b13d5\" data-element_type=\"widget\" data-widget_type=\"heading.default\">\n\t\t\t\t<div class=\"elementor-widget-container\">\n\t\t\t\t\t<h3 class=\"elementor-heading-title elementor-size-default\">De l'importance de l'\u00e9veil aux langues modernes<\/h3>\t\t\t\t<\/div>\n\t\t\t\t<\/div>\n\t\t\t\t<div class=\"elementor-element elementor-element-4493f77f elementor-widget elementor-widget-text-editor\" data-id=\"4493f77f\" data-element_type=\"widget\" data-widget_type=\"text-editor.default\">\n\t\t\t\t<div class=\"elementor-widget-container\">\n\t\t\t\t\t\t\t\t\t<p><img fetchpriority=\"high\" decoding=\"async\" class=\"size-medium wp-image-990040 alignright\" src=\"https:\/\/chersparents.be\/wp-content\/uploads\/2022\/11\/edward-cisneros-XARK5oTCESA-unsplash-300x200.jpg\" alt=\"\" width=\"300\" height=\"200\" srcset=\"https:\/\/chersparents.be\/wp-content\/uploads\/2022\/11\/edward-cisneros-XARK5oTCESA-unsplash-300x200.jpg 300w, https:\/\/chersparents.be\/wp-content\/uploads\/2022\/11\/edward-cisneros-XARK5oTCESA-unsplash-1024x683.jpg 1024w, https:\/\/chersparents.be\/wp-content\/uploads\/2022\/11\/edward-cisneros-XARK5oTCESA-unsplash-768x512.jpg 768w, https:\/\/chersparents.be\/wp-content\/uploads\/2022\/11\/edward-cisneros-XARK5oTCESA-unsplash-1536x1024.jpg 1536w, https:\/\/chersparents.be\/wp-content\/uploads\/2022\/11\/edward-cisneros-XARK5oTCESA-unsplash-2048x1365.jpg 2048w\" sizes=\"(max-width: 300px) 100vw, 300px\" \/>Si en F\u00e9d\u00e9ration Wallonie-Bruxelles, l\u2019\u00e9tude de la premi\u00e8re langue moderne commence effectivement en 3<sup>e<\/sup> primaire, une sensibilisation aux langues commence d\u00e8s la premi\u00e8re maternelle. Cet \u00e9veil aux langues porte \u00e0 la fois sur les langues enseign\u00e9es dans les \u00e9coles de la F\u00e9d\u00e9ration Wallonie-Bruxelles mais propose \u00e9galement une ouverture \u00e0 une diversit\u00e9 de langues. Cet \u00e9veil poursuit \u00e9galement l\u2019objectif d\u2019ouvrir les \u00e9l\u00e8ves aux autres cultures pour favoriser la construction d\u2019une soci\u00e9t\u00e9 plus tol\u00e9rante et ouverte.<\/p><p>Les activit\u00e9s d\u2019\u00e9veil aux langues consistent \u00e0 d\u00e9couvrir, explorer et comparer une vari\u00e9t\u00e9 de langues de divers statuts (langue de l\u2019\u00e9cole, langue du voisin, langues europ\u00e9ennes, langues des migrants, langues r\u00e9gionales\u2026).<\/p>\t\t\t\t\t\t\t\t<\/div>\n\t\t\t\t<\/div>\n\t\t\t\t<div class=\"elementor-element elementor-element-584b0bbc elementor-widget elementor-widget-heading\" data-id=\"584b0bbc\" data-element_type=\"widget\" data-widget_type=\"heading.default\">\n\t\t\t\t<div class=\"elementor-widget-container\">\n\t\t\t\t\t<h3 class=\"elementor-heading-title elementor-size-default\">Le r\u00e9f\u00e9rentiel de langues modernes<\/h3>\t\t\t\t<\/div>\n\t\t\t\t<\/div>\n\t\t\t\t<div class=\"elementor-element elementor-element-76eff094 elementor-widget elementor-widget-text-editor\" data-id=\"76eff094\" data-element_type=\"widget\" data-widget_type=\"text-editor.default\">\n\t\t\t\t<div class=\"elementor-widget-container\">\n\t\t\t\t\t\t\t\t\t<p>La principale vis\u00e9e des cours de langues est la <strong>communication<\/strong>. En parall\u00e8le, les cours de langues modernes am\u00e8nent les \u00e9l\u00e8ves \u00e0\u00a0:<\/p><ul><li>maitriser des savoirs et des savoir-faire lexicaux et grammaticaux\u00a0;<\/li><li>d\u00e9velopper des comp\u00e9tences d\u2019expression\u00a0: expression orale sans interaction, expression orale en interaction, compr\u00e9hension \u00e0 l\u2019audition, compr\u00e9hension \u00e0 la lecture, expression \u00e9crite.<\/li><\/ul><p>\u00a0<\/p>\t\t\t\t\t\t\t\t<\/div>\n\t\t\t\t<\/div>\n\t\t\t\t<div class=\"elementor-element elementor-element-42500abc elementor-widget elementor-widget-heading\" data-id=\"42500abc\" data-element_type=\"widget\" data-widget_type=\"heading.default\">\n\t\t\t\t<div class=\"elementor-widget-container\">\n\t\t\t\t\t<h3 class=\"elementor-heading-title elementor-size-default\">La dimension socioculturelle<\/h3>\t\t\t\t<\/div>\n\t\t\t\t<\/div>\n\t\t\t\t<div class=\"elementor-element elementor-element-73238701 elementor-widget elementor-widget-text-editor\" data-id=\"73238701\" data-element_type=\"widget\" data-widget_type=\"text-editor.default\">\n\t\t\t\t<div class=\"elementor-widget-container\">\n\t\t\t\t\t\t\t\t\t<p><br \/>Le cours de langue moderne cherche \u00e0 amener l\u2019\u00e9l\u00e8ve \u00e0\u00a0:<img decoding=\"async\" class=\"alignleft wp-image-990047\" src=\"https:\/\/chersparents.be\/wp-content\/uploads\/2022\/11\/migration-gea1ae5848_1280-300x169.jpg\" alt=\"\" width=\"380\" height=\"214\" srcset=\"https:\/\/chersparents.be\/wp-content\/uploads\/2022\/11\/migration-gea1ae5848_1280-300x169.jpg 300w, https:\/\/chersparents.be\/wp-content\/uploads\/2022\/11\/migration-gea1ae5848_1280-1024x576.jpg 1024w, https:\/\/chersparents.be\/wp-content\/uploads\/2022\/11\/migration-gea1ae5848_1280-768x432.jpg 768w, https:\/\/chersparents.be\/wp-content\/uploads\/2022\/11\/migration-gea1ae5848_1280.jpg 1280w\" sizes=\"(max-width: 380px) 100vw, 380px\" \/><\/p><ul><li>appr\u00e9hender la richesse des autres cultures : patrimoine et traditions, cr\u00e9ation artistique (et notamment litt\u00e9raire), modes de vie, modes de pens\u00e9es et fa\u00e7ons de voir le monde\u00a0;<\/li><li>d\u00e9coder divers faits, comportements et points de rep\u00e8re utiles, en vue de communiquer et se comporter de fa\u00e7on ad\u00e9quate tant dans la soci\u00e9t\u00e9 que dans ses relations avec les autres\u00a0;<\/li><li>percevoir et modifier ses st\u00e9r\u00e9otypes sur les autres cultures\u00a0;<\/li><li>identifier les \u00e9l\u00e9ments socioculturels permettant une communication efficace.<\/li><\/ul><p>\u00a0<\/p><p>\u00a0<\/p><p>C\u2019est par les documents propos\u00e9s, les th\u00e9matiques abord\u00e9es et les supports travaill\u00e9s que cette dimension socioculturelle du cours de langues modernes sera assur\u00e9e. Les aspects socioculturels suivants seront abord\u00e9s\u00a0: les arts et les lettres, les modes de vie, les droits fondamentaux de l\u2019\u00eatre humain, les syst\u00e8mes de valeurs, les traditions et les croyances.<\/p>\t\t\t\t\t\t\t\t<\/div>\n\t\t\t\t<\/div>\n\t\t\t\t<div class=\"elementor-element elementor-element-7c9aac1b elementor-widget elementor-widget-heading\" data-id=\"7c9aac1b\" data-element_type=\"widget\" data-widget_type=\"heading.default\">\n\t\t\t\t<div class=\"elementor-widget-container\">\n\t\t\t\t\t<h3 class=\"elementor-heading-title elementor-size-default\">La dimension citoyenne<\/h3>\t\t\t\t<\/div>\n\t\t\t\t<\/div>\n\t\t\t\t<div class=\"elementor-element elementor-element-7c30c9ec elementor-widget elementor-widget-text-editor\" data-id=\"7c30c9ec\" data-element_type=\"widget\" data-widget_type=\"text-editor.default\">\n\t\t\t\t<div class=\"elementor-widget-container\">\n\t\t\t\t\t\t\t\t\t<p>Comme pour la dimension socioculturelle, la citoyennet\u00e9 (utilisation critique des m\u00e9dias, d\u00e9veloppement durable, respect de l\u2019environnement\u2026) sera int\u00e9gr\u00e9e au cours par les documents propos\u00e9s et les th\u00e9matiques abord\u00e9es.<\/p>\t\t\t\t\t\t\t\t<\/div>\n\t\t\t\t<\/div>\n\t\t\t\t<div class=\"elementor-element elementor-element-8025388 elementor-widget elementor-widget-heading\" data-id=\"8025388\" data-element_type=\"widget\" data-widget_type=\"heading.default\">\n\t\t\t\t<div class=\"elementor-widget-container\">\n\t\t\t\t\t<h3 class=\"elementor-heading-title elementor-size-default\">La dimension num\u00e9rique<\/h3>\t\t\t\t<\/div>\n\t\t\t\t<\/div>\n\t\t\t\t<div class=\"elementor-element elementor-element-d797fac elementor-widget elementor-widget-text-editor\" data-id=\"d797fac\" data-element_type=\"widget\" data-widget_type=\"text-editor.default\">\n\t\t\t\t<div class=\"elementor-widget-container\">\n\t\t\t\t\t\t\t\t\t<p>Dans le monde d\u2019aujourd\u2019hui, la dimension num\u00e9rique est incontournable. Celle-ci est pr\u00e9sente tant dans les th\u00e9matiques et les supports propos\u00e9s que dans les productions attendues (m\u00e9dias en ligne, outils de pr\u00e9sentation, outils de r\u00e9f\u00e9rence\u2026).<\/p>\t\t\t\t\t\t\t\t<\/div>\n\t\t\t\t<\/div>\n\t\t\t\t<div class=\"elementor-element elementor-element-348ed6b elementor-widget elementor-widget-text-editor\" data-id=\"348ed6b\" data-element_type=\"widget\" data-widget_type=\"text-editor.default\">\n\t\t\t\t<div class=\"elementor-widget-container\">\n\t\t\t\t\t\t\t\t\t<p>Source :\u00a0<\/p><p>F\u00e9d\u00e9ration Wallonie-Bruxelles, \u00ab\u00a0R\u00e9f\u00e9rentiel de langues modernes. Tronc commun\u00a0\u00bb sur <a href=\"http:\/\/www.enseignement.be\/\">www.enseignement.be<\/a>, juin 2022 (date de consultation\u00a0: 31 oct. 2022).<\/p>\t\t\t\t\t\t\t\t<\/div>\n\t\t\t\t<\/div>\n\t\t\t\t\t<\/div>\n\t\t<\/div>\n\t\t\t\t\t<\/div>\n\t\t<\/section>\n\t\t\t\t<\/div>\n\t\t","protected":false},"excerpt":{"rendered":"<p>Le cours de langues modernes a deux objectifs principaux\u00a0: la prise de conscience de sa propre culture et de sa situation par rapport \u00e0 celles des autres\u00a0; les langues modernes comme outil d\u2019int\u00e9gration europ\u00e9enne et mondiale. De l&rsquo;importance de l&rsquo;\u00e9veil aux langues modernes Si en F\u00e9d\u00e9ration Wallonie-Bruxelles, l\u2019\u00e9tude de la premi\u00e8re langue moderne commence effectivement&#8230;<\/p>\n","protected":false},"author":4,"featured_media":0,"parent":989353,"menu_order":0,"comment_status":"closed","ping_status":"closed","template":"","meta":{"footnotes":""},"class_list":["post-989981","page","type-page","status-publish","hentry"],"_links":{"self":[{"href":"https:\/\/chersparents.be\/index.php\/wp-json\/wp\/v2\/pages\/989981","targetHints":{"allow":["GET"]}}],"collection":[{"href":"https:\/\/chersparents.be\/index.php\/wp-json\/wp\/v2\/pages"}],"about":[{"href":"https:\/\/chersparents.be\/index.php\/wp-json\/wp\/v2\/types\/page"}],"author":[{"embeddable":true,"href":"https:\/\/chersparents.be\/index.php\/wp-json\/wp\/v2\/users\/4"}],"replies":[{"embeddable":true,"href":"https:\/\/chersparents.be\/index.php\/wp-json\/wp\/v2\/comments?post=989981"}],"version-history":[{"count":13,"href":"https:\/\/chersparents.be\/index.php\/wp-json\/wp\/v2\/pages\/989981\/revisions"}],"predecessor-version":[{"id":990050,"href":"https:\/\/chersparents.be\/index.php\/wp-json\/wp\/v2\/pages\/989981\/revisions\/990050"}],"up":[{"embeddable":true,"href":"https:\/\/chersparents.be\/index.php\/wp-json\/wp\/v2\/pages\/989353"}],"wp:attachment":[{"href":"https:\/\/chersparents.be\/index.php\/wp-json\/wp\/v2\/media?parent=989981"}],"curies":[{"name":"wp","href":"https:\/\/api.w.org\/{rel}","templated":true}]}}