{"id":987734,"date":"2022-07-11T10:24:46","date_gmt":"2022-07-11T10:24:46","guid":{"rendered":"https:\/\/chersparents.be\/?page_id=987734"},"modified":"2022-08-25T14:02:48","modified_gmt":"2022-08-25T14:02:48","slug":"les-conflits-face-au-travail-scolaire","status":"publish","type":"page","link":"https:\/\/chersparents.be\/index.php\/prendre-soin-de-la-relation-parent-enfant\/les-conflits-face-au-travail-scolaire\/","title":{"rendered":"Les conflits face au travail scolaire"},"content":{"rendered":"\t\t<div data-elementor-type=\"wp-page\" data-elementor-id=\"987734\" class=\"elementor elementor-987734\" data-elementor-post-type=\"page\">\n\t\t\t\t\t\t<section class=\"elementor-section elementor-top-section elementor-element elementor-element-6a0abd4c elementor-section-boxed elementor-section-height-default elementor-section-height-default\" data-id=\"6a0abd4c\" data-element_type=\"section\" data-settings=\"{&quot;background_motion_fx_scale_effect&quot;:&quot;yes&quot;,&quot;background_motion_fx_scale_direction&quot;:&quot;in-out&quot;,&quot;background_motion_fx_scale_range&quot;:{&quot;unit&quot;:&quot;%&quot;,&quot;size&quot;:&quot;&quot;,&quot;sizes&quot;:{&quot;start&quot;:0,&quot;end&quot;:41}},&quot;background_motion_fx_scale_speed&quot;:{&quot;unit&quot;:&quot;px&quot;,&quot;size&quot;:4,&quot;sizes&quot;:[]},&quot;background_motion_fx_devices&quot;:[&quot;desktop&quot;,&quot;tablet&quot;,&quot;mobile&quot;]}\">\n\t\t\t\t\t\t<div class=\"elementor-container elementor-column-gap-default\">\n\t\t\t\t\t<div class=\"elementor-column elementor-col-100 elementor-top-column elementor-element elementor-element-41a9e543\" data-id=\"41a9e543\" data-element_type=\"column\">\n\t\t\t<div class=\"elementor-widget-wrap elementor-element-populated\">\n\t\t\t\t\t\t<div class=\"elementor-element elementor-element-3120c1d4 elementor-widget elementor-widget-heading\" data-id=\"3120c1d4\" data-element_type=\"widget\" data-widget_type=\"heading.default\">\n\t\t\t\t<div class=\"elementor-widget-container\">\n\t\t\t\t\t<h3 class=\"elementor-heading-title elementor-size-default\">Les devoirs : utiles \u00e0 la r\u00e9ussite scolaire ?<\/h3>\t\t\t\t<\/div>\n\t\t\t\t<\/div>\n\t\t\t\t<div class=\"elementor-element elementor-element-6553463 elementor-widget elementor-widget-spacer\" data-id=\"6553463\" data-element_type=\"widget\" data-widget_type=\"spacer.default\">\n\t\t\t\t<div class=\"elementor-widget-container\">\n\t\t\t\t\t\t\t<div class=\"elementor-spacer\">\n\t\t\t<div class=\"elementor-spacer-inner\"><\/div>\n\t\t<\/div>\n\t\t\t\t\t\t<\/div>\n\t\t\t\t<\/div>\n\t\t\t\t<div class=\"elementor-element elementor-element-49336de4 elementor-widget elementor-widget-text-editor\" data-id=\"49336de4\" data-element_type=\"widget\" data-widget_type=\"text-editor.default\">\n\t\t\t\t<div class=\"elementor-widget-container\">\n\t\t\t\t\t\t\t\t\t<p>Encore \u00e0 l\u2019heure actuelle, cette question fait l\u2019objet d\u2019un d\u00e9bat important entre\u00a0:<\/p><ul><li>les partisans des devoirs\u00a0: selon eux, les devoirs \u00e0 la maison permettent de consolider les acquis vus en classe et permettent \u00e9galement une meilleure relation \u00e0 l\u2019\u00e9cole\u00a0;<\/li><li><img fetchpriority=\"high\" decoding=\"async\" class=\"size-medium wp-image-988626 alignright\" src=\"https:\/\/chersparents.be\/wp-content\/uploads\/2022\/08\/AdobeStock_163361306-300x200.jpeg\" alt=\"\" width=\"300\" height=\"200\" srcset=\"https:\/\/chersparents.be\/wp-content\/uploads\/2022\/08\/AdobeStock_163361306-300x200.jpeg 300w, https:\/\/chersparents.be\/wp-content\/uploads\/2022\/08\/AdobeStock_163361306-1024x683.jpeg 1024w, https:\/\/chersparents.be\/wp-content\/uploads\/2022\/08\/AdobeStock_163361306-768x512.jpeg 768w, https:\/\/chersparents.be\/wp-content\/uploads\/2022\/08\/AdobeStock_163361306-1536x1024.jpeg 1536w, https:\/\/chersparents.be\/wp-content\/uploads\/2022\/08\/AdobeStock_163361306-2048x1365.jpeg 2048w\" sizes=\"(max-width: 300px) 100vw, 300px\" \/>les d\u00e9tracteurs des devoirs : ils y voient un obstacle aux loisirs, \u00e0 l\u2019activit\u00e9 physique. En outre, ils consid\u00e8rent les devoirs comme une pratique injuste privil\u00e9giant les enfants favoris\u00e9(e)s qui disposent de tous les outils et conditions n\u00e9cessaires \u00e0 la maison pour assurer un travail de qualit\u00e9.<\/li><\/ul><p>Ce d\u00e9bat controvers\u00e9 entre parents, enseignant(e)s, directeur(-trice)s d\u2019\u00e9cole et politiques trouve \u00e9galement un \u00e9cho dans la litt\u00e9rature scientifique. Si plusieurs \u00e9tudes (qui ne sont toutefois pas exemptes de certaines faiblesses m\u00e9thodologiques) se sont pench\u00e9es sur la question, les r\u00e9sultats obtenus ne permettent pas de d\u00e9gager une r\u00e9ponse tranch\u00e9e. \u00a0<\/p><p>Les devoirs sont utiles, OUI MAIS&#8230; sous certaines conditions\u00a0! On constate surtout qu\u2019ils peuvent rapidement devenir source de conflit \u00e0 la maison. Alors, comment les d\u00e9jouer\u00a0?<\/p>\t\t\t\t\t\t\t\t<\/div>\n\t\t\t\t<\/div>\n\t\t\t\t<div class=\"elementor-element elementor-element-2edabaa elementor-widget elementor-widget-spacer\" data-id=\"2edabaa\" data-element_type=\"widget\" data-widget_type=\"spacer.default\">\n\t\t\t\t<div class=\"elementor-widget-container\">\n\t\t\t\t\t\t\t<div class=\"elementor-spacer\">\n\t\t\t<div class=\"elementor-spacer-inner\"><\/div>\n\t\t<\/div>\n\t\t\t\t\t\t<\/div>\n\t\t\t\t<\/div>\n\t\t\t\t<div class=\"elementor-element elementor-element-28428bef elementor-widget elementor-widget-heading\" data-id=\"28428bef\" data-element_type=\"widget\" data-widget_type=\"heading.default\">\n\t\t\t\t<div class=\"elementor-widget-container\">\n\t\t\t\t\t<h3 class=\"elementor-heading-title elementor-size-default\">C'est d'abord le r\u00f4le de l'enseignant(e) !<\/h3>\t\t\t\t<\/div>\n\t\t\t\t<\/div>\n\t\t\t\t<div class=\"elementor-element elementor-element-afffc83 elementor-widget elementor-widget-spacer\" data-id=\"afffc83\" data-element_type=\"widget\" data-widget_type=\"spacer.default\">\n\t\t\t\t<div class=\"elementor-widget-container\">\n\t\t\t\t\t\t\t<div class=\"elementor-spacer\">\n\t\t\t<div class=\"elementor-spacer-inner\"><\/div>\n\t\t<\/div>\n\t\t\t\t\t\t<\/div>\n\t\t\t\t<\/div>\n\t\t\t\t<div class=\"elementor-element elementor-element-468bd682 elementor-widget elementor-widget-text-editor\" data-id=\"468bd682\" data-element_type=\"widget\" data-widget_type=\"text-editor.default\">\n\t\t\t\t<div class=\"elementor-widget-container\">\n\t\t\t\t\t\t\t\t\t<p>La nature, la fr\u00e9quence, l\u2019objectif et l\u2019ampleur des devoirs sont tr\u00e8s diff\u00e9rents d\u2019une \u00e9cole \u00e0 l\u2019autre (et m\u00eame d\u2019un(e) professeur(e) \u00e0 l\u2019autre au sein d\u2019une \u00e9cole), ce qui complexifie de fa\u00e7on significative l\u2019\u00e9tude de l\u2019impact sur les r\u00e9sultats scolaires. Voici tout de m\u00eame quelques points de vigilance, sur lesquels vous pourrez \u00e9changer avec les enseignant(e)s.<\/p>\t\t\t\t\t\t\t\t<\/div>\n\t\t\t\t<\/div>\n\t\t\t\t<div class=\"elementor-element elementor-element-6a6d31a elementor-widget elementor-widget-text-editor\" data-id=\"6a6d31a\" data-element_type=\"widget\" data-widget_type=\"text-editor.default\">\n\t\t\t\t<div class=\"elementor-widget-container\">\n\t\t\t\t\t\t\t\t\t<h5><em>Donner du sens aux devoirs<\/em><\/h5>\t\t\t\t\t\t\t\t<\/div>\n\t\t\t\t<\/div>\n\t\t\t\t<div class=\"elementor-element elementor-element-76a7908 elementor-widget elementor-widget-text-editor\" data-id=\"76a7908\" data-element_type=\"widget\" data-widget_type=\"text-editor.default\">\n\t\t\t\t<div class=\"elementor-widget-container\">\n\t\t\t\t\t\t\t\t\t<p>La position que chacun peut adopter au sujet de l\u2019utilit\u00e9 et de la pertinence des t\u00e2ches scolaires \u00e0 domicile (devoirs) repose, pour la plus grande part, sur notre fa\u00e7on d\u2019appr\u00e9hender l\u2019apprentissage\u00a0:<\/p><ul><li>Si on consid\u00e8re que l\u2019apprentissage repose sur une pratique r\u00e9p\u00e9titive, les devoirs peuvent \u00eatre consid\u00e9r\u00e9s comme une consolidation des connaissances qui ont \u00e9t\u00e9 abord\u00e9es en classe. L\u2019un des principaux arguments en faveur des devoirs est, en effet, l\u2019impact positif qu\u2019ils pourraient avoir sur les r\u00e9sultats scolaires. L\u2019id\u00e9e la plus r\u00e9pandue est que, plus les enfants ont des devoirs, meilleurs seront leurs r\u00e9sultats scolaires.<\/li><li>En revanche, si on consid\u00e8re que l\u2019apprentissage se fait par exp\u00e9rimentation et r\u00e9solution de probl\u00e8mes, les devoirs sont consid\u00e9r\u00e9s comme une \u00ab perte de temps \u00bb et ne permettent pas \u00e0 l\u2019enfant de continuer son exp\u00e9rimentation du monde, tant sur le plan cognitif que social.<\/li><\/ul>\t\t\t\t\t\t\t\t<\/div>\n\t\t\t\t<\/div>\n\t\t\t\t<div class=\"elementor-element elementor-element-fa2adb5 elementor-widget elementor-widget-text-editor\" data-id=\"fa2adb5\" data-element_type=\"widget\" data-widget_type=\"text-editor.default\">\n\t\t\t\t<div class=\"elementor-widget-container\">\n\t\t\t\t\t\t\t\t\t<h5><em>Consacrer un temps \u00ab\u00a0raisonnable\u00a0\u00bb aux devoirs<\/em><\/h5>\t\t\t\t\t\t\t\t<\/div>\n\t\t\t\t<\/div>\n\t\t\t\t<div class=\"elementor-element elementor-element-685d407b elementor-widget elementor-widget-text-editor\" data-id=\"685d407b\" data-element_type=\"widget\" data-widget_type=\"text-editor.default\">\n\t\t\t\t<div class=\"elementor-widget-container\">\n\t\t\t\t\t\t\t\t\t<p>L\u2019effet des devoirs sur la performance scolaire est positif lorsque l\u2019on consid\u00e8re la fr\u00e9quence de ces devoirs (plut\u00f4t que leur longueur) en lien avec la qualit\u00e9 du temps qui y est investi (plut\u00f4t qu\u2019avec la quantit\u00e9 de temps que l\u2019on y consacre). C\u2019est donc la r\u00e9p\u00e9tition de courts devoirs bien cibl\u00e9s qui est efficace.<\/p><p>En secondaire, au-del\u00e0 d\u2019une \u00e0 deux heures de travail par jour (pour les plus grand(e)s), les devoirs perdent leur pertinence p\u00e9dagogique. Il faut en outre tenir compte de la longueur des journ\u00e9es d\u00e9j\u00e0 pass\u00e9es en classe.<\/p><p><img decoding=\"async\" class=\"aligncenter wp-image-988631\" src=\"https:\/\/chersparents.be\/wp-content\/uploads\/2022\/08\/AdobeStock_372458191-300x200.jpeg\" alt=\"\" width=\"400\" height=\"267\" srcset=\"https:\/\/chersparents.be\/wp-content\/uploads\/2022\/08\/AdobeStock_372458191-300x200.jpeg 300w, https:\/\/chersparents.be\/wp-content\/uploads\/2022\/08\/AdobeStock_372458191-1024x683.jpeg 1024w, https:\/\/chersparents.be\/wp-content\/uploads\/2022\/08\/AdobeStock_372458191-768x512.jpeg 768w, https:\/\/chersparents.be\/wp-content\/uploads\/2022\/08\/AdobeStock_372458191-1536x1024.jpeg 1536w, https:\/\/chersparents.be\/wp-content\/uploads\/2022\/08\/AdobeStock_372458191-2048x1365.jpeg 2048w\" sizes=\"(max-width: 400px) 100vw, 400px\" \/><\/p>\t\t\t\t\t\t\t\t<\/div>\n\t\t\t\t<\/div>\n\t\t\t\t<div class=\"elementor-element elementor-element-959f386 elementor-widget elementor-widget-text-editor\" data-id=\"959f386\" data-element_type=\"widget\" data-widget_type=\"text-editor.default\">\n\t\t\t\t<div class=\"elementor-widget-container\">\n\t\t\t\t\t\t\t\t\t<h5><em>Des devoirs en lien avec la mati\u00e8re d\u00e9j\u00e0 vue en classe<\/em><\/h5>\t\t\t\t\t\t\t\t<\/div>\n\t\t\t\t<\/div>\n\t\t\t\t<div class=\"elementor-element elementor-element-28f621d elementor-widget elementor-widget-text-editor\" data-id=\"28f621d\" data-element_type=\"widget\" data-widget_type=\"text-editor.default\">\n\t\t\t\t<div class=\"elementor-widget-container\">\n\t\t\t\t\t\t\t\t\t<p>La suite donn\u00e9e aux devoirs (sont-ils corrig\u00e9s en classe\u00a0? les erreurs sont-elles expliqu\u00e9es\u00a0?) est \u00e9galement un facteur important qui contribue \u00e0 nuancer leur (in)utilit\u00e9. Certains auteurs ont montr\u00e9 une relation particuli\u00e8rement positive entre devoirs et rendement scolaire lorsqu\u2019ils sont comment\u00e9s par l\u2019enseignant(e). La relation positive entre les devoirs et le rendement scolaire ne serait toutefois pas de m\u00eame ampleur pour le primaire que pour le secondaire et d\u00e9pendrait du contenu du devoir\u00a0: de mani\u00e8re g\u00e9n\u00e9rale, les devoirs ne doivent pas ou peu concerner une nouvelle mati\u00e8re, mais plut\u00f4t permette une consolidation d\u2019acquis vus en classe.<\/p>\t\t\t\t\t\t\t\t<\/div>\n\t\t\t\t<\/div>\n\t\t\t\t<div class=\"elementor-element elementor-element-2f978d9 elementor-widget elementor-widget-spacer\" data-id=\"2f978d9\" data-element_type=\"widget\" data-widget_type=\"spacer.default\">\n\t\t\t\t<div class=\"elementor-widget-container\">\n\t\t\t\t\t\t\t<div class=\"elementor-spacer\">\n\t\t\t<div class=\"elementor-spacer-inner\"><\/div>\n\t\t<\/div>\n\t\t\t\t\t\t<\/div>\n\t\t\t\t<\/div>\n\t\t\t\t<div class=\"elementor-element elementor-element-6dad4981 elementor-widget elementor-widget-heading\" data-id=\"6dad4981\" data-element_type=\"widget\" data-widget_type=\"heading.default\">\n\t\t\t\t<div class=\"elementor-widget-container\">\n\t\t\t\t\t<h3 class=\"elementor-heading-title elementor-size-default\">Que faire en tant que parent ?<\/h3>\t\t\t\t<\/div>\n\t\t\t\t<\/div>\n\t\t\t\t<div class=\"elementor-element elementor-element-3e45263 elementor-widget elementor-widget-spacer\" data-id=\"3e45263\" data-element_type=\"widget\" data-widget_type=\"spacer.default\">\n\t\t\t\t<div class=\"elementor-widget-container\">\n\t\t\t\t\t\t\t<div class=\"elementor-spacer\">\n\t\t\t<div class=\"elementor-spacer-inner\"><\/div>\n\t\t<\/div>\n\t\t\t\t\t\t<\/div>\n\t\t\t\t<\/div>\n\t\t\t\t<div class=\"elementor-element elementor-element-4f6d8a82 elementor-widget elementor-widget-text-editor\" data-id=\"4f6d8a82\" data-element_type=\"widget\" data-widget_type=\"text-editor.default\">\n\t\t\t\t<div class=\"elementor-widget-container\">\n\t\t\t\t\t\t\t\t\t<ul><li>\u00c9tablissez un planning de devoirs avec une dur\u00e9e limit\u00e9e et r\u00e9partissez, si cela est possible, les devoirs sur plusieurs jours. En effet, la fr\u00e9quence des devoirs a un impact plus positif que leur longueur. Il est \u00e9galement important de structurer au maximum la r\u00e9alisation des devoirs (de quoi a-t-on besoin\u00a0?), d\u2019\u00e9tablir un ordre de r\u00e9alisation des exercices, etc.<\/li><li>Encouragez votre enfant ou votre ado \u00e0 donner du sens aux devoirs. En effet, les devoirs devraient \u00eatre consid\u00e9r\u00e9s comme une m\u00e9thode alternative d\u2019apprentissage o\u00f9 peut notamment s\u2019exprimer la cr\u00e9ativit\u00e9.<\/li><li><img decoding=\"async\" class=\"alignright wp-image-988633\" src=\"https:\/\/chersparents.be\/wp-content\/uploads\/2022\/08\/AdobeStock_170652592-300x200.jpeg\" alt=\"\" width=\"400\" height=\"267\" srcset=\"https:\/\/chersparents.be\/wp-content\/uploads\/2022\/08\/AdobeStock_170652592-300x200.jpeg 300w, https:\/\/chersparents.be\/wp-content\/uploads\/2022\/08\/AdobeStock_170652592-1024x683.jpeg 1024w, https:\/\/chersparents.be\/wp-content\/uploads\/2022\/08\/AdobeStock_170652592-768x512.jpeg 768w, https:\/\/chersparents.be\/wp-content\/uploads\/2022\/08\/AdobeStock_170652592-1536x1024.jpeg 1536w, https:\/\/chersparents.be\/wp-content\/uploads\/2022\/08\/AdobeStock_170652592-2048x1365.jpeg 2048w\" sizes=\"(max-width: 400px) 100vw, 400px\" \/>Mettez en place une routine dans la r\u00e9alisation des devoirs ; cette routine est bien \u00e9videmment \u00e0 personnaliser. En effet, il est pr\u00e9f\u00e9rable de laisser certains enfants se d\u00e9tendre un peu avant d\u2019initier tout travail. Pour d\u2019autres enfants, il peut \u00eatre int\u00e9ressant de conclure la p\u00e9riode des devoirs par une activit\u00e9 agr\u00e9able. Quoiqu\u2019il en soit, cette routine peut \u00eatre formalis\u00e9e et affich\u00e9e \u00e0 un endroit visible pour que l\u2019enfant ait acc\u00e8s aux diff\u00e9rentes \u00e9tapes de celle-ci. Elle peut \u00e9galement \u00eatre plastifi\u00e9e (pour les plus jeunes) et l&rsquo;enfant peut ainsi cocher les diff\u00e9rentes \u00e9tapes au fur et \u00e0 mesure de sa progression dans ses devoirs.<\/li><li>Pour les enfants plus jeunes ou qui ont des difficult\u00e9s attentionnelles, l\u2019utilisation d\u2019un Time Timer\u00ae peut \u00e9galement permettre de donner des rep\u00e8res temporels pour une bonne organisation des devoirs \u00e0 la maison.<\/li><li>N\u2019oubliez pas de valoriser les engagements de l\u2019enfant dans les devoirs, soit en le (la) f\u00e9licitant, soit par le biais d\u2019un tableau de comportement (pour les enfants plus jeunes).<\/li><li>Enfin, il est important de garder du temps libre pour jouer, lire ou tout simplement faire une activit\u00e9 qui plait \u00e0 l&rsquo;enfant, et la faire avec lui (elle) ! Ceci doit \u00e9galement apparaitre dans la s\u00e9quence propos\u00e9e pour la r\u00e9alisation des devoirs.<\/li><\/ul><p>Retrouvez d&rsquo;autres outils dans la rubrique <a href=\"https:\/\/chersparents.be\/index.php\/apprendre-a-apprendre\/\" target=\"_blank\" rel=\"noopener\"><em>Apprendre \u00e0 apprendre<\/em><\/a>.<\/p>\t\t\t\t\t\t\t\t<\/div>\n\t\t\t\t<\/div>\n\t\t\t\t<div class=\"elementor-element elementor-element-b1f0ecf elementor-widget elementor-widget-spacer\" data-id=\"b1f0ecf\" data-element_type=\"widget\" data-widget_type=\"spacer.default\">\n\t\t\t\t<div class=\"elementor-widget-container\">\n\t\t\t\t\t\t\t<div class=\"elementor-spacer\">\n\t\t\t<div class=\"elementor-spacer-inner\"><\/div>\n\t\t<\/div>\n\t\t\t\t\t\t<\/div>\n\t\t\t\t<\/div>\n\t\t\t\t<div class=\"elementor-element elementor-element-5e6890e5 elementor-widget elementor-widget-heading\" data-id=\"5e6890e5\" data-element_type=\"widget\" data-widget_type=\"heading.default\">\n\t\t\t\t<div class=\"elementor-widget-container\">\n\t\t\t\t\t<h4 class=\"elementor-heading-title elementor-size-default\">Pour aller plus loin... ou prendre du recul<\/h4>\t\t\t\t<\/div>\n\t\t\t\t<\/div>\n\t\t\t\t<div class=\"elementor-element elementor-element-3d5168fd elementor-widget elementor-widget-text-editor\" data-id=\"3d5168fd\" data-element_type=\"widget\" data-widget_type=\"text-editor.default\">\n\t\t\t\t<div class=\"elementor-widget-container\">\n\t\t\t\t\t\t\t\t\t<ul><li>Extrait de l\u2019\u00e9mission <em><a href=\"https:\/\/www.youtube.com\/watch?v=TweQYPCutS8\" target=\"_blank\" rel=\"noopener\">La Maison des Parents\u00a0: Quand les devoirs tournent au cauchemar<\/a><\/em> sur France 4, 23 sept. 2011 (date de consultation : 17 aout 2022).<\/li><li>Interview de Bruno Humbeeck, psychop\u00e9dagogue \u00e0 l\u2019Umons : RTBF La Premi\u00e8re, <em style=\"color: var(--vamtam-primary-font-color);letter-spacing: var(--vamtam-primary-font-letter-spacing-desktop,normal);text-transform: var(--vamtam-primary-font-transform,none)\"><a href=\"https:\/\/www.rtbf.be\/article\/pedagogie-comment-lacher-prise-sur-les-devoirs-scolaires-10917700\" target=\"_blank\" rel=\"noopener\">P\u00e9dagogie : comment l\u00e2cher-prise sur les devoirs scolaires ?<\/a><\/em><span style=\"color: var(--vamtam-primary-font-color);letter-spacing: var(--vamtam-primary-font-letter-spacing-desktop,normal);text-transform: var(--vamtam-primary-font-transform,none)\"> sur rtbf.be, 19 janv. 2022 (date de consultation : 17 aout 2022).<\/span><\/li><li>Extrait de FORESTI Florence, <em style=\"color: var(--vamtam-primary-font-color);letter-spacing: var(--vamtam-primary-font-letter-spacing-desktop,normal);text-transform: var(--vamtam-primary-font-transform,none)\"><a href=\"https:\/\/www.youtube.com\/watch?v=i_KP1NuRj9w\" target=\"_blank\" rel=\"noopener\">Madame<\/a><\/em><span style=\"color: var(--vamtam-primary-font-color);letter-spacing: var(--vamtam-primary-font-letter-spacing-desktop,normal);text-transform: var(--vamtam-primary-font-transform,none)\">, 2019 (date de consultation : 17 aout 2022).<\/span><\/li><\/ul>\t\t\t\t\t\t\t\t<\/div>\n\t\t\t\t<\/div>\n\t\t\t\t<div class=\"elementor-element elementor-element-f266563 elementor-widget elementor-widget-spacer\" data-id=\"f266563\" data-element_type=\"widget\" data-widget_type=\"spacer.default\">\n\t\t\t\t<div class=\"elementor-widget-container\">\n\t\t\t\t\t\t\t<div class=\"elementor-spacer\">\n\t\t\t<div class=\"elementor-spacer-inner\"><\/div>\n\t\t<\/div>\n\t\t\t\t\t\t<\/div>\n\t\t\t\t<\/div>\n\t\t\t\t<div class=\"elementor-element elementor-element-0eb85db elementor-widget elementor-widget-heading\" data-id=\"0eb85db\" data-element_type=\"widget\" data-widget_type=\"heading.default\">\n\t\t\t\t<div class=\"elementor-widget-container\">\n\t\t\t\t\t<h4 class=\"elementor-heading-title elementor-size-default\">Sources de la page<\/h4>\t\t\t\t<\/div>\n\t\t\t\t<\/div>\n\t\t\t\t<div class=\"elementor-element elementor-element-0cfedfa elementor-widget elementor-widget-text-editor\" data-id=\"0cfedfa\" data-element_type=\"widget\" data-widget_type=\"text-editor.default\">\n\t\t\t\t<div class=\"elementor-widget-container\">\n\t\t\t\t\t\t\t\t\t<p>ARCHAMBAULT Jean, CHOUINARD Roch et RHEAULT Andr\u00e9ane, \u00ab\u00a0Les devoirs, corv\u00e9e inutile ou \u00e9l\u00e9ment essentiel de la r\u00e9ussite scolaire ?\u00a0\u00bb dans <em>Revue des sciences de l\u2019\u00e9ducation<\/em>, n\u00b032, 2006, pp. 307-324.<\/p><p>HATTIE John,\u00a0<em>L\u2019apprentissage visible pour les enseignants. Connaitre son impact pour maximiser le rendement des \u00e9l\u00e8ves<\/em>, Qu\u00e9bec, PUQ, 2020.<\/p>\t\t\t\t\t\t\t\t<\/div>\n\t\t\t\t<\/div>\n\t\t\t\t\t<\/div>\n\t\t<\/div>\n\t\t\t\t\t<\/div>\n\t\t<\/section>\n\t\t\t\t<\/div>\n\t\t","protected":false},"excerpt":{"rendered":"<p>Les devoirs : utiles \u00e0 la r\u00e9ussite scolaire ? Encore \u00e0 l\u2019heure actuelle, cette question fait l\u2019objet d\u2019un d\u00e9bat important entre\u00a0: les partisans des devoirs\u00a0: selon eux, les devoirs \u00e0 la maison permettent de consolider les acquis vus en classe et permettent \u00e9galement une meilleure relation \u00e0 l\u2019\u00e9cole\u00a0; les d\u00e9tracteurs des devoirs : ils y&#8230;<\/p>\n","protected":false},"author":4,"featured_media":0,"parent":987669,"menu_order":3,"comment_status":"closed","ping_status":"closed","template":"","meta":{"footnotes":""},"class_list":["post-987734","page","type-page","status-publish","hentry"],"_links":{"self":[{"href":"https:\/\/chersparents.be\/index.php\/wp-json\/wp\/v2\/pages\/987734","targetHints":{"allow":["GET"]}}],"collection":[{"href":"https:\/\/chersparents.be\/index.php\/wp-json\/wp\/v2\/pages"}],"about":[{"href":"https:\/\/chersparents.be\/index.php\/wp-json\/wp\/v2\/types\/page"}],"author":[{"embeddable":true,"href":"https:\/\/chersparents.be\/index.php\/wp-json\/wp\/v2\/users\/4"}],"replies":[{"embeddable":true,"href":"https:\/\/chersparents.be\/index.php\/wp-json\/wp\/v2\/comments?post=987734"}],"version-history":[{"count":19,"href":"https:\/\/chersparents.be\/index.php\/wp-json\/wp\/v2\/pages\/987734\/revisions"}],"predecessor-version":[{"id":988651,"href":"https:\/\/chersparents.be\/index.php\/wp-json\/wp\/v2\/pages\/987734\/revisions\/988651"}],"up":[{"embeddable":true,"href":"https:\/\/chersparents.be\/index.php\/wp-json\/wp\/v2\/pages\/987669"}],"wp:attachment":[{"href":"https:\/\/chersparents.be\/index.php\/wp-json\/wp\/v2\/media?parent=987734"}],"curies":[{"name":"wp","href":"https:\/\/api.w.org\/{rel}","templated":true}]}}