{"id":987661,"date":"2022-07-11T09:50:17","date_gmt":"2022-07-11T09:50:17","guid":{"rendered":"https:\/\/chersparents.be\/?page_id=987661"},"modified":"2025-06-05T09:19:39","modified_gmt":"2025-06-05T07:19:39","slug":"accueil","status":"publish","type":"page","link":"https:\/\/chersparents.be\/","title":{"rendered":"Accueil"},"content":{"rendered":"<div class=\"vgblk-rw-wrapper limit-wrapper\"><img loading=\"lazy\" decoding=\"async\" width=\"771\" height=\"445\" src=\"https:\/\/chersparents.be\/wp-content\/uploads\/2019\/11\/dots.svg\" alt=\"\" loading=\"lazy\" \/><br \/>\n\t\t\t\t\t\t\t\t\t\t\t\t\t\t\t<img loading=\"lazy\" decoding=\"async\" width=\"67\" height=\"79\" src=\"https:\/\/chersparents.be\/wp-content\/uploads\/2019\/11\/illustration-tree-1.svg\" alt=\"\" loading=\"lazy\" \/>\t\t\t\t\t\t\t\t\t\t\t\t\t\t\t<\/p>\n<h2>Embrasser<\/h2>\n<h2>la r\u00e9alit\u00e9 scolaire<\/h2>\n<h2>sereinement.<\/h2>\n<p>\t\t\t<a role=\"button\"><br \/>\n\t\t\t\t\t\tBienvenue<br \/>\n\t\t\t\t\t<\/a><\/p>\n<h2><strong>C\u2019est en ne cessant jamais d\u2019apprendre que les enfants\/les<br \/>\njeunes se construisent et deviennent des adultes instruits, sensibles,<br \/>\nentreprenants, p\u00e9tris de valeurs, qui un jour fa\u00e7onneront le monde de<br \/>\ndemain<\/strong>.<\/h2>\n<p>Travailler les apprentissages scolaires de mani\u00e8re autonome est une comp\u00e9tence essentielle \u00e0 acqu\u00e9rir pour chaque \u00e9l\u00e8ve. En tant que parents, il vous est possible de contribuer au d\u00e9veloppement de cette autonomie en <strong>apportant un soutien bienveillant \u00e0 votre enfant<\/strong>. Cet accompagnement ne vise ni \u00e0 remplacer ni \u00e0 prolonger le travail de l\u2019enseignant(e), mais simplement \u00e0 <strong>assurer une pr\u00e9sence attentive<\/strong>, et \u00e0 <strong>mettre en place les bonnes conditions<\/strong> pour que votre enfant puisse r\u00e9pondre sereinement aux attentes du syst\u00e8me scolaire.<\/p>\n<p>Vous aider dans cette t\u00e2che, c\u2019est le but de ce site\u00a0!<\/p>\n<p>\t\t\t\t\t\t\t\t\t\t\t\t\t\t\t<img loading=\"lazy\" decoding=\"async\" width=\"2560\" height=\"1707\" src=\"https:\/\/chersparents.be\/wp-content\/uploads\/2022\/09\/AdobeStock_415876701-scaled.jpeg\" alt=\"\" loading=\"lazy\" srcset=\"https:\/\/chersparents.be\/wp-content\/uploads\/2022\/09\/AdobeStock_415876701-scaled.jpeg 2560w, https:\/\/chersparents.be\/wp-content\/uploads\/2022\/09\/AdobeStock_415876701-300x200.jpeg 300w, https:\/\/chersparents.be\/wp-content\/uploads\/2022\/09\/AdobeStock_415876701-1024x683.jpeg 1024w, https:\/\/chersparents.be\/wp-content\/uploads\/2022\/09\/AdobeStock_415876701-768x512.jpeg 768w, https:\/\/chersparents.be\/wp-content\/uploads\/2022\/09\/AdobeStock_415876701-1536x1024.jpeg 1536w, https:\/\/chersparents.be\/wp-content\/uploads\/2022\/09\/AdobeStock_415876701-2048x1365.jpeg 2048w\" sizes=\"auto, (max-width: 2560px) 100vw, 2560px\" \/>\t\t\t\t\t\t\t\t\t\t\t\t\t\t\t<\/p>\n<h2>\n<style>@font-face\n\t{font-family:\"Cambria Math\";\n\tpanose-1:2 4 5 3 5 4 6 3 2 4;\n\tmso-font-charset:0;\n\tmso-generic-font-family:roman;\n\tmso-font-pitch:variable;\n\tmso-font-signature:-536869121 1107305727 33554432 0 415 0;}@font-face\n\t{font-family:Calibri;\n\tpanose-1:2 15 5 2 2 2 4 3 2 4;\n\tmso-font-charset:0;\n\tmso-generic-font-family:swiss;\n\tmso-font-pitch:variable;\n\tmso-font-signature:-469750017 -1073732485 9 0 511 0;}p.MsoNormal, li.MsoNormal, div.MsoNormal\n\t{mso-style-unhide:no;\n\tmso-style-qformat:yes;\n\tmso-style-parent:\"\";\n\tmargin:0cm;\n\tmso-pagination:widow-orphan;\n\tfont-size:12.0pt;\n\tfont-family:\"Calibri\",sans-serif;\n\tmso-ascii-font-family:Calibri;\n\tmso-ascii-theme-font:minor-latin;\n\tmso-fareast-font-family:Calibri;\n\tmso-fareast-theme-font:minor-latin;\n\tmso-hansi-font-family:Calibri;\n\tmso-hansi-theme-font:minor-latin;\n\tmso-bidi-font-family:\"Times New Roman\";\n\tmso-bidi-theme-font:minor-bidi;\n\tmso-fareast-language:EN-US;}.MsoChpDefault\n\t{mso-style-type:export-only;\n\tmso-default-props:yes;\n\tfont-family:\"Calibri\",sans-serif;\n\tmso-ascii-font-family:Calibri;\n\tmso-ascii-theme-font:minor-latin;\n\tmso-fareast-font-family:Calibri;\n\tmso-fareast-theme-font:minor-latin;\n\tmso-hansi-font-family:Calibri;\n\tmso-hansi-theme-font:minor-latin;\n\tmso-bidi-font-family:\"Times New Roman\";\n\tmso-bidi-theme-font:minor-bidi;\n\tmso-fareast-language:EN-US;}div.WordSection1\n\t{page:WordSection1;}<\/style>\n<p><b>4 cat\u00e9gories de conseils par niveau d\u2019enseignement pour aider votre enfant \u00e0 (mieux) \u00e9tudier, \u00e0 travailler sa mati\u00e8re de mani\u00e8re efficace, et cela dans une ambiance \u00e9tendue. <\/b><\/p>\n<\/h2>\n<p>\t\t\t\t\t\t\t\t\t\t\t\t\t\t\t\t\t1.<br \/>\n\t\t\t\t\t\t\t\t\t<a href=\"\"><br \/>\n\t\t\t\t\t\t\t\t\t\t\t\t\t\t\t\t\t\t\t\tLes jalons de l&rsquo;enfance et de l&rsquo;adolescence\t\t\t\t\t\t\t\t\t<\/a><br \/>\n\t\t\t\t\t\t\t\t\t\t\t\t\t\t\t\t\t2.<br \/>\n\t\t\t\t\t\t\t\t\t<a href=\"\"><br \/>\n\t\t\t\t\t\t\t\t\t\t\t\t\t\t\t\t\t\t\t\tApprendre \u00e0 apprendre \t\t\t\t\t\t\t\t\t<\/a><br \/>\n\t\t\t\t\t\t\t\t\t\t\t\t\t\t\t\t\t3.<br \/>\n\t\t\t\t\t\t\t\t\t<a href=\"\"><br \/>\n\t\t\t\t\t\t\t\t\t\t\t\t\t\t\t\t\t\t\t\tM\u00e9thode de travail branche par branche\t\t\t\t\t\t\t\t\t<\/a><br \/>\n\t\t\t\t\t\t\t\t\t\t\t\t\t\t\t\t\t4.<br \/>\n\t\t\t\t\t\t\t\t\t<a href=\"\"><br \/>\n\t\t\t\t\t\t\t\t\t\t\t\t\t\t\t\t\t\t\t\tPrendre soin de la relation parent-enfant\t\t\t\t\t\t\t\t\t<\/a><br \/>\n\t\t\t\t\t\t\t\t\t\t\t\t\t1. Les jalons de l&rsquo;enfance et de l&rsquo;adolescence<\/p>\n<p><img fetchpriority=\"high\" decoding=\"async\" src=\"https:\/\/chersparents.be\/wp-content\/uploads\/2022\/09\/AdobeStock_295658096-1024x630.jpeg\" alt=\"\" width=\"1024\" height=\"630\" \/><\/p>\n<p>\t\t\t\t\t\t\t\t\t\t\t\t\t2. Apprendre \u00e0 apprendre <\/p>\n<p><img decoding=\"async\" src=\"https:\/\/chersparents.be\/wp-content\/uploads\/2022\/09\/AdobeStock_365064528-1024x377.jpeg\" alt=\"\" width=\"1024\" height=\"377\" \/><\/p>\n<p>\t\t\t\t\t\t\t\t\t\t\t\t\t3. M\u00e9thode de travail branche par branche<\/p>\n<style>.elementor-3909 .elementor-element.elementor-element-6a373874{margin-top:0px;margin-bottom:0px;padding:0px 0px 0px 0px;}.elementor-3909 .elementor-element.elementor-element-1d53bc8a > .elementor-element-populated{padding:0px 0px 0px 0px;}.elementor-3909 .elementor-element.elementor-element-43fde486 .elementor-repeater-item-6896e5f .swiper-slide-bg{background-image:url(https:\/\/chersparents.be\/wp-content\/uploads\/2020\/04\/AdobeStock_507315733-scaled.jpeg);background-size:cover;}.elementor-3909 .elementor-element.elementor-element-43fde486 .elementor-repeater-item-0677c0e .swiper-slide-bg{background-image:url(https:\/\/chersparents.be\/wp-content\/uploads\/2020\/04\/AdobeStock_380582362-scaled.jpeg);background-size:cover;}.elementor-3909 .elementor-element.elementor-element-43fde486 .elementor-repeater-item-d3cd39d .swiper-slide-bg{background-image:url(https:\/\/chersparents.be\/wp-content\/uploads\/2020\/04\/Plan-de-travail-1.png);background-size:cover;}.elementor-3909 .elementor-element.elementor-element-43fde486 .elementor-repeater-item-aae5f16 .swiper-slide-bg{background-color:#bbbbbb;background-image:url(https:\/\/chersparents.be\/wp-content\/uploads\/2022\/09\/AdobeStock_331698485-scaled.jpeg);background-size:cover;}.elementor-3909 .elementor-element.elementor-element-43fde486 .swiper-slide{height:380px;width:100% !important;transition-duration:calc(5000ms*1.2);}.elementor-3909 .elementor-element.elementor-element-43fde486 .swiper-slide-contents{flex-basis:100%;max-width:66%;}.elementor-3909 .elementor-element.elementor-element-43fde486 .swiper-slide-inner{text-align:center;}.elementor-3909 .elementor-element.elementor-element-43fde486 .elementor-swiper-button{font-size:30px;color:var(--vamtam-accent-color-2);}.elementor-3909 .elementor-element.elementor-element-43fde486 .elementor-swiper-button svg{fill:var(--vamtam-accent-color-2);}<\/style>\n<section data-id=\"6a373874\" data-element_type=\"section\">\n\t\t\t\t\t\t\t\t\t\t\t\t\t\t\t\tPrevious<br \/>\n\t\t\t\t\t\t\t\t\t\t\t\t\t\t\t\tNext<br \/>\n\t\t<\/section>\n<p>\t\t\t\t\t\t\t\t\t\t\t\t\t4. Prendre soin de la relation parent-enfant<\/p>\n<p><img decoding=\"async\" src=\"https:\/\/chersparents.be\/wp-content\/uploads\/2022\/09\/AdobeStock_378473992-1024x439.jpeg\" alt=\"\" width=\"1024\" height=\"439\" \/><\/p>\n<p>\t\t\t\t\t\t\t\t\t\t\t\t\t\t\t<img loading=\"lazy\" decoding=\"async\" width=\"210\" height=\"268\" src=\"https:\/\/chersparents.be\/wp-content\/uploads\/2019\/11\/illustration-people-1.svg\" alt=\"\" loading=\"lazy\" \/><br \/>\n\t\t\t\t\t\t\t\t\t\t\t\t\t\t\t<img loading=\"lazy\" decoding=\"async\" width=\"67\" height=\"79\" src=\"https:\/\/chersparents.be\/wp-content\/uploads\/2019\/11\/illustration-tree-1.svg\" alt=\"\" loading=\"lazy\" \/>\t\t\t\t\t\t\t\t\t\t\t\t\t\t\t<\/p>\n<h2>Grandir, construire, devenir. Ensemble.<\/h2>\n<h4>Les auteures des contenus du site<\/h4>\n<p>\t\t\t\t\t\t\t\t\t\t\t\t\t\t\t<img loading=\"lazy\" decoding=\"async\" width=\"200\" height=\"300\" src=\"https:\/\/chersparents.be\/wp-content\/uploads\/2022\/09\/corinne-200x300.png\" alt=\"\" loading=\"lazy\" srcset=\"https:\/\/chersparents.be\/wp-content\/uploads\/2022\/09\/corinne-200x300.png 200w, https:\/\/chersparents.be\/wp-content\/uploads\/2022\/09\/corinne-683x1024.png 683w, https:\/\/chersparents.be\/wp-content\/uploads\/2022\/09\/corinne-768x1152.png 768w, https:\/\/chersparents.be\/wp-content\/uploads\/2022\/09\/corinne-1024x1536.png 1024w, https:\/\/chersparents.be\/wp-content\/uploads\/2022\/09\/corinne.png 1125w\" sizes=\"auto, (max-width: 200px) 100vw, 200px\" \/>\t\t\t\t\t\t\t\t\t\t\t\t\t\t\t<\/p>\n<p style=\"text-align: center;\"><b>Corinne Catale\u00a0<\/b>est docteur en Sciences psychologiques et de l\u2019\u00e9ducation. Elle est \u00e9galement collaboratrice et assistante volontaire pour le service de neuropsychologie de la facult\u00e9 de Psychologie, Logop\u00e9die et Sciences de l\u2019\u00c9ducation de l\u2019ULi\u00e8ge.<\/p>\n<p>\t\t\t\t\t\t\t\t\t\t\t\t\t\t\t<img loading=\"lazy\" decoding=\"async\" width=\"200\" height=\"300\" src=\"https:\/\/chersparents.be\/wp-content\/uploads\/2022\/09\/DSC4604-200x300.jpeg\" alt=\"\" loading=\"lazy\" srcset=\"https:\/\/chersparents.be\/wp-content\/uploads\/2022\/09\/DSC4604-200x300.jpeg 200w, https:\/\/chersparents.be\/wp-content\/uploads\/2022\/09\/DSC4604-683x1024.jpeg 683w, https:\/\/chersparents.be\/wp-content\/uploads\/2022\/09\/DSC4604-768x1152.jpeg 768w, https:\/\/chersparents.be\/wp-content\/uploads\/2022\/09\/DSC4604-1024x1536.jpeg 1024w, https:\/\/chersparents.be\/wp-content\/uploads\/2022\/09\/DSC4604-1365x2048.jpeg 1365w, https:\/\/chersparents.be\/wp-content\/uploads\/2022\/09\/DSC4604-scaled.jpeg 1707w\" sizes=\"auto, (max-width: 200px) 100vw, 200px\" \/>\t\t\t\t\t\t\t\t\t\t\t\t\t\t\t<\/p>\n<p style=\"text-align: center;\"><strong>St\u00e9phanie P\u00e9ters<\/strong> est docteur en Psychologie et Sciences de l\u2019\u00e9ducation et occupe un poste de conseill\u00e8re RFIE (R\u00e9forme de la Formation Initiale des Enseignants) \u00e0 l\u2019ULi\u00e8ge. Elle est \u00e9galement consultante en p\u00e9dagogie et propose divers services : coaching scolaire, formation et supervision de professionnels de l\u2019apprentissage scolaire (enseignants, psychologues, logop\u00e8des, coachs, etc.), conf\u00e9rences, publications. Consultez <a href=\"http:\/\/www.stephanie-peters.be\" target=\"_blank\" rel=\"noopener\">son site<\/a> pour plus d&rsquo;informations.<\/p>\n<p>\t\t\t\t\t\t\t\t\t\t\t\t\t\t\t<img loading=\"lazy\" decoding=\"async\" width=\"225\" height=\"300\" src=\"https:\/\/chersparents.be\/wp-content\/uploads\/2022\/09\/photo_stassart-225x300.jpg\" alt=\"\" loading=\"lazy\" srcset=\"https:\/\/chersparents.be\/wp-content\/uploads\/2022\/09\/photo_stassart-225x300.jpg 225w, https:\/\/chersparents.be\/wp-content\/uploads\/2022\/09\/photo_stassart.jpg 720w\" sizes=\"auto, (max-width: 225px) 100vw, 225px\" \/>\t\t\t\t\t\t\t\t\t\t\t\t\t\t\t<\/p>\n<p><strong>C\u00e9line<\/strong> <strong>Stassart <\/strong>est docteur en Sciences psychologiques (ULi\u00e8ge) et psychologue clinicienne pour enfants. Tant au travers de ses recherches scientifiques que de sa pratique clinique, elle a d\u00e9velopp\u00e9 une expertise dans les troubles anxieux et les difficult\u00e9s \u00e9motionnelles chez l&rsquo;enfant.<\/p>\n<\/div>\n<p><!-- .vgblk-rw-wrapper --><\/p>\n","protected":false},"excerpt":{"rendered":"<p>Embrasser la r\u00e9alit\u00e9 scolaire sereinement. Bienvenue C\u2019est en ne cessant jamais d\u2019apprendre que les enfants\/les jeunes se construisent et deviennent des adultes instruits, sensibles, entreprenants, p\u00e9tris de valeurs, qui un jour fa\u00e7onneront le monde de demain. Travailler les apprentissages scolaires de mani\u00e8re autonome est une comp\u00e9tence essentielle \u00e0 acqu\u00e9rir pour chaque \u00e9l\u00e8ve. En tant que&#8230;<\/p>\n","protected":false},"author":4,"featured_media":0,"parent":0,"menu_order":0,"comment_status":"closed","ping_status":"closed","template":"","meta":{"footnotes":""},"class_list":["post-987661","page","type-page","status-publish","hentry"],"_links":{"self":[{"href":"https:\/\/chersparents.be\/index.php\/wp-json\/wp\/v2\/pages\/987661","targetHints":{"allow":["GET"]}}],"collection":[{"href":"https:\/\/chersparents.be\/index.php\/wp-json\/wp\/v2\/pages"}],"about":[{"href":"https:\/\/chersparents.be\/index.php\/wp-json\/wp\/v2\/types\/page"}],"author":[{"embeddable":true,"href":"https:\/\/chersparents.be\/index.php\/wp-json\/wp\/v2\/users\/4"}],"replies":[{"embeddable":true,"href":"https:\/\/chersparents.be\/index.php\/wp-json\/wp\/v2\/comments?post=987661"}],"version-history":[{"count":148,"href":"https:\/\/chersparents.be\/index.php\/wp-json\/wp\/v2\/pages\/987661\/revisions"}],"predecessor-version":[{"id":989417,"href":"https:\/\/chersparents.be\/index.php\/wp-json\/wp\/v2\/pages\/987661\/revisions\/989417"}],"wp:attachment":[{"href":"https:\/\/chersparents.be\/index.php\/wp-json\/wp\/v2\/media?parent=987661"}],"curies":[{"name":"wp","href":"https:\/\/api.w.org\/{rel}","templated":true}]}}